{"id":100,"date":"2023-05-16T21:04:56","date_gmt":"2023-05-16T21:04:56","guid":{"rendered":"https:\/\/savehomesnationwide.org\/?page_id=100"},"modified":"2023-05-25T20:19:19","modified_gmt":"2023-05-25T20:19:19","slug":"story","status":"publish","type":"page","link":"https:\/\/savehomesnationwide.com\/es\/story\/","title":{"rendered":""},"content":{"rendered":"<div data-elementor-type=\"wp-page\" data-elementor-id=\"100\" class=\"elementor elementor-100\" data-elementor-post-type=\"page\">\n\t\t\t\t\t\t<section class=\"elementor-section elementor-top-section elementor-element elementor-element-27db21fe elementor-section-content-middle elementor-section-boxed elementor-section-height-default elementor-section-height-default\" data-id=\"27db21fe\" data-element_type=\"section\" data-e-type=\"section\">\n\t\t\t\t\t\t<div class=\"elementor-container elementor-column-gap-no\">\n\t\t\t\t\t<div class=\"elementor-column elementor-col-100 elementor-top-column elementor-element elementor-element-4e1b32b6\" data-id=\"4e1b32b6\" data-element_type=\"column\" data-e-type=\"column\">\n\t\t\t<div class=\"elementor-widget-wrap elementor-element-populated\">\n\t\t\t\t\t\t<div class=\"elementor-element elementor-element-281d87dc elementor-widget elementor-widget-image\" data-id=\"281d87dc\" data-element_type=\"widget\" data-e-type=\"widget\" data-widget_type=\"image.default\">\n\t\t\t\t<div class=\"elementor-widget-container\">\n\t\t\t\t\t\t\t\t\t\t\t\t\t\t\t<img fetchpriority=\"high\" decoding=\"async\" width=\"1500\" height=\"1000\" src=\"https:\/\/i0.wp.com\/savehomesnationwide.com\/wp-content\/uploads\/2023\/05\/JPG-of-shutterstock_1266336289-1.jpg?fit=1500%2C1000&amp;ssl=1\" class=\"attachment-full size-full wp-image-130\" alt=\"Saving Homes Providing Solutions Nationwide\" srcset=\"https:\/\/i0.wp.com\/savehomesnationwide.com\/wp-content\/uploads\/2023\/05\/JPG-of-shutterstock_1266336289-1.jpg?w=1500&amp;ssl=1 1500w, https:\/\/i0.wp.com\/savehomesnationwide.com\/wp-content\/uploads\/2023\/05\/JPG-of-shutterstock_1266336289-1.jpg?resize=300%2C200&amp;ssl=1 300w, https:\/\/i0.wp.com\/savehomesnationwide.com\/wp-content\/uploads\/2023\/05\/JPG-of-shutterstock_1266336289-1.jpg?resize=1024%2C683&amp;ssl=1 1024w, https:\/\/i0.wp.com\/savehomesnationwide.com\/wp-content\/uploads\/2023\/05\/JPG-of-shutterstock_1266336289-1.jpg?resize=768%2C512&amp;ssl=1 768w\" sizes=\"(max-width: 800px) 100vw, 800px\" \/>\t\t\t\t\t\t\t\t\t\t\t\t\t\t\t<\/div>\n\t\t\t\t<\/div>\n\t\t\t\t<div class=\"elementor-element elementor-element-644530f0 elementor-widget elementor-widget-heading\" data-id=\"644530f0\" data-element_type=\"widget\" data-e-type=\"widget\" data-widget_type=\"heading.default\">\n\t\t\t\t<div class=\"elementor-widget-container\">\n\t\t\t\t\t<h3 class=\"elementor-heading-title elementor-size-default\">Un Viaje Hacia la Esperanza: Nuestra Historia de Fundaci\u00f3n <\/h3>\t\t\t\t<\/div>\n\t\t\t\t<\/div>\n\t\t\t\t<section class=\"elementor-section elementor-inner-section elementor-element elementor-element-1542c7f3 elementor-section-boxed elementor-section-height-default elementor-section-height-default\" data-id=\"1542c7f3\" data-element_type=\"section\" data-e-type=\"section\">\n\t\t\t\t\t\t<div class=\"elementor-container elementor-column-gap-default\">\n\t\t\t\t\t<div class=\"elementor-column elementor-col-100 elementor-inner-column elementor-element elementor-element-20e9dd40\" data-id=\"20e9dd40\" data-element_type=\"column\" data-e-type=\"column\">\n\t\t\t<div class=\"elementor-widget-wrap elementor-element-populated\">\n\t\t\t\t\t\t<div class=\"elementor-element elementor-element-514f1a77 elementor-widget elementor-widget-text-editor\" data-id=\"514f1a77\" data-element_type=\"widget\" data-e-type=\"widget\" data-widget_type=\"text-editor.default\">\n\t\t\t\t<div class=\"elementor-widget-container\">\n\t\t\t\t\t\t\t\t\t<p>Nuestra historia se inicia con el anhelo de brindar ayuda a los propietarios de viviendas que enfrentan la pre-ejecuci\u00f3n hipotecaria. Nos dimos cuenta de los devastadores efectos que esto ten\u00eda en las familias, no solo desde el punto de vista financiero, sino tambi\u00e9n desde un aspecto personal. Perder una casa puede ser una prueba emocional, y dese\u00e1bamos hacer algo para contribuir.<u><\/u><u><\/u><\/p><p>Comenzamos investigando el proceso de pre-ejecuci\u00f3n hipotecaria, buscando formas de prevenir las ejecuciones hipotecarias. A medida que profundizamos en el tema, nos dimos cuenta de que hab\u00eda muchos propietarios que necesitaban asistencia en esta etapa. A menudo, ten\u00edan dificultades para cumplir con los pagos hipotecarios y no sab\u00edan a qui\u00e9n acudir en busca de ayuda. Se enfrentaban al miedo y la incertidumbre de perder sus hogares, y sab\u00edamos que deb\u00edamos actuar.<u><\/u><u><\/u><\/p><p>Nuestro equipo comenz\u00f3 a acercarse a los propietarios en pre-ejecuci\u00f3n hipotecaria, ofreciendo orientaci\u00f3n y apoyo. Les ayudamos a comprender el proceso de pre-ejecuci\u00f3n hipotecaria, las opciones disponibles para ellos y, lo m\u00e1s importante, les brindamos esperanza. Les proporcionamos recursos y herramientas para negociar con sus prestamistas y evitar la pre-ejecuci\u00f3n hipotecaria.<u><\/u><u><\/u><\/p><p>Pronto nos dimos cuenta de que cada propietario al que ayud\u00e1bamos ten\u00eda su propia historia y circunstancias \u00fanicas, aunque todos compart\u00edan una profunda preocupaci\u00f3n por la posibilidad de perder sus hogares. Sab\u00edamos que deb\u00edamos seguir encontrando soluciones innovadoras para ayudarles.<u><\/u><u><\/u><\/p><p>Nuestro equipo comenz\u00f3 a colaborar con agentes inmobiliarios y abogados especializados en ventas de pre-ejecuci\u00f3n hipotecaria. Establecimos alianzas que nos permitieron brindar a los propietarios un enfoque integral de las ventas de pre-ejecuci\u00f3n hipotecaria, que inclu\u00eda la comercializaci\u00f3n de sus propiedades, la negociaci\u00f3n con los prestamistas y el manejo de los aspectos legales.<u><\/u><u><\/u><\/p><p>Con el tiempo, nuestros esfuerzos comenzaron a dar frutos. Ayudamos a decenas de propietarios a prevenir la ejecuci\u00f3n hipotecaria y salvar sus hogares. Ver la alegr\u00eda y el alivio en sus rostros fue incre\u00edblemente gratificante y nos motiv\u00f3 a seguir adelante.<u><\/u><u><\/u><\/p><p>Hoy en d\u00eda, nuestra pasi\u00f3n por ayudar a los propietarios de viviendas sigue siendo s\u00f3lida. Trabajamos incansablemente para proporcionar recursos y asistencia a aquellos que enfrentan la pre-ejecuci\u00f3n hipotecaria. Nuestro objetivo es ofrecer soluciones integrales que ayuden a los propietarios a evitar la ejecuci\u00f3n hipotecaria y asegurar que puedan permanecer en sus hogares. Creemos que todos merecen una segunda oportunidad y nos comprometemos a crear un futuro m\u00e1s prometedor para los propietarios que enfrentan la ejecuci\u00f3n hipotecaria.<\/p>\t\t\t\t\t\t\t\t<\/div>\n\t\t\t\t<\/div>\n\t\t\t\t\t<\/div>\n\t\t<\/div>\n\t\t\t\t\t<\/div>\n\t\t<\/section>\n\t\t\t\t\t<\/div>\n\t\t<\/div>\n\t\t\t\t\t<\/div>\n\t\t<\/section>\n\t\t\t\t<section class=\"elementor-section elementor-top-section elementor-element elementor-element-664f78e elementor-section-boxed elementor-section-height-default elementor-section-height-default\" data-id=\"664f78e\" data-element_type=\"section\" data-e-type=\"section\" data-settings=\"{&quot;background_background&quot;:&quot;classic&quot;}\">\n\t\t\t\t\t\t<div class=\"elementor-container elementor-column-gap-no\">\n\t\t\t\t\t<div class=\"elementor-column elementor-col-100 elementor-top-column elementor-element elementor-element-e5e7d08\" data-id=\"e5e7d08\" data-element_type=\"column\" data-e-type=\"column\">\n\t\t\t<div class=\"elementor-widget-wrap elementor-element-populated\">\n\t\t\t\t\t\t<div class=\"elementor-element elementor-element-c4d6f28 animated-slow elementor-invisible elementor-widget elementor-widget-heading\" data-id=\"c4d6f28\" data-element_type=\"widget\" data-e-type=\"widget\" data-settings=\"{&quot;_animation&quot;:&quot;fadeIn&quot;}\" data-widget_type=\"heading.default\">\n\t\t\t\t<div class=\"elementor-widget-container\">\n\t\t\t\t\t<h2 class=\"elementor-heading-title elementor-size-default\">\u00bfEst\u00e1s listo para empezar? <\/h2>\t\t\t\t<\/div>\n\t\t\t\t<\/div>\n\t\t\t\t<div class=\"elementor-element elementor-element-aace711 elementor-mobile-align-justify animated-fast elementor-align-center elementor-invisible elementor-widget elementor-widget-button\" data-id=\"aace711\" data-element_type=\"widget\" data-e-type=\"widget\" data-settings=\"{&quot;_animation&quot;:&quot;fadeIn&quot;,&quot;_animation_delay&quot;:400}\" data-widget_type=\"button.default\">\n\t\t\t\t<div class=\"elementor-widget-container\">\n\t\t\t\t\t\t\t\t\t<div class=\"elementor-button-wrapper\">\n\t\t\t\t\t<a class=\"elementor-button elementor-button-link elementor-size-sm elementor-animation-float\" href=\"https:\/\/savehomesnationwide.com\/es\/questionnaire\/\">\n\t\t\t\t\t\t<span class=\"elementor-button-content-wrapper\">\n\t\t\t\t\t\t\t\t\t<span class=\"elementor-button-text\">\u00a1Ponte en contacto con nosotros!\"<\/span>\n\t\t\t\t\t<\/span>\n\t\t\t\t\t<\/a>\n\t\t\t\t<\/div>\n\t\t\t\t\t\t\t\t<\/div>\n\t\t\t\t<\/div>\n\t\t\t\t\t<\/div>\n\t\t<\/div>\n\t\t\t\t\t<\/div>\n\t\t<\/section>\n\t\t\t\t<\/div>","protected":false},"excerpt":{"rendered":"<p>A Journey Towards Hope: Our Founding Story Our backstory begins with a desire to help homeowners facing preforeclosure. We recognized the devastating effects of foreclosure on families, not only from a financial standpoint, but also from a personal stance. Losing a home can be an emotional ordeal, and we wanted to do something to help. [&hellip;]<\/p>\n","protected":false},"author":1,"featured_media":0,"parent":0,"menu_order":0,"comment_status":"closed","ping_status":"closed","template":"","meta":{"nf_dc_page":"","footnotes":""},"class_list":["post-100","page","type-page","status-publish","hentry"],"jetpack_sharing_enabled":true,"_links":{"self":[{"href":"https:\/\/savehomesnationwide.com\/es\/wp-json\/wp\/v2\/pages\/100","targetHints":{"allow":["GET"]}}],"collection":[{"href":"https:\/\/savehomesnationwide.com\/es\/wp-json\/wp\/v2\/pages"}],"about":[{"href":"https:\/\/savehomesnationwide.com\/es\/wp-json\/wp\/v2\/types\/page"}],"author":[{"embeddable":true,"href":"https:\/\/savehomesnationwide.com\/es\/wp-json\/wp\/v2\/users\/1"}],"replies":[{"embeddable":true,"href":"https:\/\/savehomesnationwide.com\/es\/wp-json\/wp\/v2\/comments?post=100"}],"version-history":[{"count":20,"href":"https:\/\/savehomesnationwide.com\/es\/wp-json\/wp\/v2\/pages\/100\/revisions"}],"predecessor-version":[{"id":389,"href":"https:\/\/savehomesnationwide.com\/es\/wp-json\/wp\/v2\/pages\/100\/revisions\/389"}],"wp:attachment":[{"href":"https:\/\/savehomesnationwide.com\/es\/wp-json\/wp\/v2\/media?parent=100"}],"curies":[{"name":"wp","href":"https:\/\/api.w.org\/{rel}","templated":true}]}}