{"id":102,"date":"2023-05-16T21:06:59","date_gmt":"2023-05-16T21:06:59","guid":{"rendered":"https:\/\/savehomesnationwide.org\/?page_id=102"},"modified":"2023-05-25T20:19:11","modified_gmt":"2023-05-25T20:19:11","slug":"commitment","status":"publish","type":"page","link":"https:\/\/savehomesnationwide.com\/es\/commitment\/","title":{"rendered":""},"content":{"rendered":"<div data-elementor-type=\"wp-page\" data-elementor-id=\"102\" class=\"elementor elementor-102\" data-elementor-post-type=\"page\">\n\t\t\t\t\t\t<section class=\"elementor-section elementor-top-section elementor-element elementor-element-b5bd179 elementor-section-content-middle elementor-section-boxed elementor-section-height-default elementor-section-height-default\" data-id=\"b5bd179\" data-element_type=\"section\" data-e-type=\"section\">\n\t\t\t\t\t\t<div class=\"elementor-container elementor-column-gap-no\">\n\t\t\t\t\t<div class=\"elementor-column elementor-col-100 elementor-top-column elementor-element elementor-element-d0b47c0\" data-id=\"d0b47c0\" data-element_type=\"column\" data-e-type=\"column\">\n\t\t\t<div class=\"elementor-widget-wrap elementor-element-populated\">\n\t\t\t\t\t\t<div class=\"elementor-element elementor-element-6ac6161 elementor-widget elementor-widget-image\" data-id=\"6ac6161\" data-element_type=\"widget\" data-e-type=\"widget\" data-widget_type=\"image.default\">\n\t\t\t\t<div class=\"elementor-widget-container\">\n\t\t\t\t\t\t\t\t\t\t\t\t\t\t\t<img fetchpriority=\"high\" decoding=\"async\" width=\"1000\" height=\"563\" src=\"https:\/\/i0.wp.com\/savehomesnationwide.com\/wp-content\/uploads\/2023\/05\/shutterstock_1853535634.jpg?fit=1000%2C563&amp;ssl=1\" class=\"attachment-full size-full wp-image-272\" alt=\"\" srcset=\"https:\/\/i0.wp.com\/savehomesnationwide.com\/wp-content\/uploads\/2023\/05\/shutterstock_1853535634.jpg?w=1000&amp;ssl=1 1000w, https:\/\/i0.wp.com\/savehomesnationwide.com\/wp-content\/uploads\/2023\/05\/shutterstock_1853535634.jpg?resize=300%2C169&amp;ssl=1 300w, https:\/\/i0.wp.com\/savehomesnationwide.com\/wp-content\/uploads\/2023\/05\/shutterstock_1853535634.jpg?resize=768%2C432&amp;ssl=1 768w\" sizes=\"(max-width: 800px) 100vw, 800px\" \/>\t\t\t\t\t\t\t\t\t\t\t\t\t\t\t<\/div>\n\t\t\t\t<\/div>\n\t\t\t\t<div class=\"elementor-element elementor-element-743c262 elementor-widget elementor-widget-heading\" data-id=\"743c262\" data-element_type=\"widget\" data-e-type=\"widget\" data-widget_type=\"heading.default\">\n\t\t\t\t<div class=\"elementor-widget-container\">\n\t\t\t\t\t<h3 class=\"elementor-heading-title elementor-size-default\">Nuestro Compromiso: Guiando a los Propietarios a trav\u00e9s del Proceso de Pre-ejecuci\u00f3n Hipotecaria<\/h3>\t\t\t\t<\/div>\n\t\t\t\t<\/div>\n\t\t\t\t<section class=\"elementor-section elementor-inner-section elementor-element elementor-element-eff60f2 elementor-section-boxed elementor-section-height-default elementor-section-height-default\" data-id=\"eff60f2\" data-element_type=\"section\" data-e-type=\"section\">\n\t\t\t\t\t\t<div class=\"elementor-container elementor-column-gap-default\">\n\t\t\t\t\t<div class=\"elementor-column elementor-col-100 elementor-inner-column elementor-element elementor-element-5c0dcf8\" data-id=\"5c0dcf8\" data-element_type=\"column\" data-e-type=\"column\">\n\t\t\t<div class=\"elementor-widget-wrap elementor-element-populated\">\n\t\t\t\t\t\t<div class=\"elementor-element elementor-element-ff20ec9 elementor-widget elementor-widget-text-editor\" data-id=\"ff20ec9\" data-element_type=\"widget\" data-e-type=\"widget\" data-widget_type=\"text-editor.default\">\n\t\t\t\t<div class=\"elementor-widget-container\">\n\t\t\t\t\t\t\t\t\t<p>La perspectiva de perder tu hogar puede ser una experiencia abrumadora, llena de incertidumbre y angustia. Entendemos esto. En estos momentos, lo que uno necesita es una gu\u00eda compasiva, un defensor diligente y un consultor informado que pueda trazar un camino a trav\u00e9s de las tormentosas aguas de la pre-ejecuci\u00f3n hipotecaria. Este es nuestro compromiso contigo.<\/p><p>Creemos en empoderar a los propietarios de viviendas frente a la adversidad, transformando el miedo en resiliencia y la incertidumbre en conocimiento. Nuestra misi\u00f3n es ayudarte a conservar tu hogar, proporcion\u00e1ndote las herramientas, recursos y estrategias necesarias para navegar con \u00e9xito el proceso de pre-ejecuci\u00f3n hipotecaria.<\/p><p>La piedra angular de nuestro enfoque es la empat\u00eda. Reconocemos plenamente el impacto emocional que la amenaza de ejecuci\u00f3n hipotecaria puede tener, y nuestra primera promesa para ti es escuchar y comprender tu situaci\u00f3n \u00fanica. No somos solo una entidad sin rostro; somos un equipo dedicado de profesionales que realmente se preocupan por ti y tu hogar.<\/p><p>Nuestro papel como tu defensor significa que estamos contigo, hombro a hombro, contra la complejidad del proceso de pre-ejecuci\u00f3n hipotecaria. Trabajamos incansablemente para asegurar que se respeten tus derechos y que se exploren todas las opciones viables para salvar tu hogar. Seremos tu aliado firme, apoy\u00e1ndote en cada paso y defendiendo tus mejores intereses.<\/p><p>Como tu gu\u00eda, desmitificaremos el proceso de pre-ejecuci\u00f3n hipotecaria, descomponi\u00e9ndolo en pasos manejables. Iluminaremos el camino a seguir, ayud\u00e1ndote a entender tus opciones, los posibles resultados y los pasos requeridos para llegar all\u00ed. Nuestra gu\u00eda est\u00e1 respaldada por a\u00f1os de experiencia y un compromiso inquebrantable con tu \u00e9xito.<\/p><p>En nuestro papel de consultores, proporcionamos soluciones viables y personalizadas basadas en tus circunstancias individuales. Nos apoyamos en una riqueza de recursos y conocimientos, combinando perspicacia estrat\u00e9gica con experiencia pr\u00e1ctica. Nuestro consejo no es de talla \u00fanica; est\u00e1 cuidadosamente dise\u00f1ado para satisfacer tus necesidades espec\u00edficas y est\u00e1 dise\u00f1ado con el objetivo final de preservar tu hogar.<\/p><p>En esencia, somos tu salvavidas en el proceso de pre-ejecuci\u00f3n hipotecaria. Estamos aqu\u00ed para ayudarte a retomar el control, cambiar el rumbo y ayudarte a mantener el lugar que llamas hogar. Creemos firmemente que cada propietario merece una oportunidad justa para superar los desaf\u00edos de la pre-ejecuci\u00f3n hipotecaria y nos comprometemos a proporcionar el apoyo, conocimiento y defensa necesarios para hacer esto posible.<\/p><p>Te invitamos a que te acerques, a que des el primer paso hacia la recuperaci\u00f3n de tu tranquilidad y a que te unas a los innumerables propietarios de viviendas a quienes ya hemos guiado hacia la seguridad.<\/p><p>Con nosotros, no est\u00e1s solo en tu viaje. Creemos en tu resiliencia y juntos podemos navegar el camino para mantener te.<\/p>\t\t\t\t\t\t\t\t<\/div>\n\t\t\t\t<\/div>\n\t\t\t\t\t<\/div>\n\t\t<\/div>\n\t\t\t\t\t<\/div>\n\t\t<\/section>\n\t\t\t\t\t<\/div>\n\t\t<\/div>\n\t\t\t\t\t<\/div>\n\t\t<\/section>\n\t\t\t\t<section class=\"elementor-section elementor-top-section elementor-element elementor-element-efac742 elementor-section-boxed elementor-section-height-default elementor-section-height-default\" data-id=\"efac742\" data-element_type=\"section\" data-e-type=\"section\" data-settings=\"{&quot;background_background&quot;:&quot;classic&quot;}\">\n\t\t\t\t\t\t<div class=\"elementor-container elementor-column-gap-no\">\n\t\t\t\t\t<div class=\"elementor-column elementor-col-100 elementor-top-column elementor-element elementor-element-5f21d17\" data-id=\"5f21d17\" data-element_type=\"column\" data-e-type=\"column\">\n\t\t\t<div class=\"elementor-widget-wrap elementor-element-populated\">\n\t\t\t\t\t\t<div class=\"elementor-element elementor-element-8ae2fa7 animated-slow elementor-invisible elementor-widget elementor-widget-heading\" data-id=\"8ae2fa7\" data-element_type=\"widget\" data-e-type=\"widget\" data-settings=\"{&quot;_animation&quot;:&quot;fadeIn&quot;}\" data-widget_type=\"heading.default\">\n\t\t\t\t<div class=\"elementor-widget-container\">\n\t\t\t\t\t<h2 class=\"elementor-heading-title elementor-size-default\">\u00bfEst\u00e1s listo para empezar? <\/h2>\t\t\t\t<\/div>\n\t\t\t\t<\/div>\n\t\t\t\t<div class=\"elementor-element elementor-element-924f068 elementor-mobile-align-justify animated-fast elementor-align-center elementor-invisible elementor-widget elementor-widget-button\" data-id=\"924f068\" data-element_type=\"widget\" data-e-type=\"widget\" data-settings=\"{&quot;_animation&quot;:&quot;fadeIn&quot;,&quot;_animation_delay&quot;:400}\" data-widget_type=\"button.default\">\n\t\t\t\t<div class=\"elementor-widget-container\">\n\t\t\t\t\t\t\t\t\t<div class=\"elementor-button-wrapper\">\n\t\t\t\t\t<a class=\"elementor-button elementor-button-link elementor-size-sm elementor-animation-float\" href=\"https:\/\/savehomesnationwide.com\/es\/questionnaire\/\">\n\t\t\t\t\t\t<span class=\"elementor-button-content-wrapper\">\n\t\t\t\t\t\t\t\t\t<span class=\"elementor-button-text\">\u00a1Ponte en contacto con nosotros!\"<\/span>\n\t\t\t\t\t<\/span>\n\t\t\t\t\t<\/a>\n\t\t\t\t<\/div>\n\t\t\t\t\t\t\t\t<\/div>\n\t\t\t\t<\/div>\n\t\t\t\t\t<\/div>\n\t\t<\/div>\n\t\t\t\t\t<\/div>\n\t\t<\/section>\n\t\t\t\t<\/div>","protected":false},"excerpt":{"rendered":"<p>Our Commitment: Guiding Homeowners Through the Preforeclosure Process The prospect of losing one&#8217;s home can be an overwhelming experience, fraught with uncertainty and distress. We understand this. In these moments, what one needs is a compassionate guide, a diligent advocate, and an informed consultant who can chart a path through the stormy seas of preforeclosure. [&hellip;]<\/p>\n","protected":false},"author":1,"featured_media":0,"parent":0,"menu_order":0,"comment_status":"closed","ping_status":"closed","template":"","meta":{"nf_dc_page":"","footnotes":""},"class_list":["post-102","page","type-page","status-publish","hentry"],"jetpack_sharing_enabled":true,"_links":{"self":[{"href":"https:\/\/savehomesnationwide.com\/es\/wp-json\/wp\/v2\/pages\/102","targetHints":{"allow":["GET"]}}],"collection":[{"href":"https:\/\/savehomesnationwide.com\/es\/wp-json\/wp\/v2\/pages"}],"about":[{"href":"https:\/\/savehomesnationwide.com\/es\/wp-json\/wp\/v2\/types\/page"}],"author":[{"embeddable":true,"href":"https:\/\/savehomesnationwide.com\/es\/wp-json\/wp\/v2\/users\/1"}],"replies":[{"embeddable":true,"href":"https:\/\/savehomesnationwide.com\/es\/wp-json\/wp\/v2\/comments?post=102"}],"version-history":[{"count":20,"href":"https:\/\/savehomesnationwide.com\/es\/wp-json\/wp\/v2\/pages\/102\/revisions"}],"predecessor-version":[{"id":386,"href":"https:\/\/savehomesnationwide.com\/es\/wp-json\/wp\/v2\/pages\/102\/revisions\/386"}],"wp:attachment":[{"href":"https:\/\/savehomesnationwide.com\/es\/wp-json\/wp\/v2\/media?parent=102"}],"curies":[{"name":"wp","href":"https:\/\/api.w.org\/{rel}","templated":true}]}}